{"id":410,"date":"2022-03-01T23:47:03","date_gmt":"2022-03-01T22:47:03","guid":{"rendered":"https:\/\/natura2000.nfga.de\/amf\/?page_id=410"},"modified":"2023-01-05T16:24:17","modified_gmt":"2023-01-05T15:24:17","slug":"aktuelles","status":"publish","type":"page","link":"https:\/\/natura2000.nfga.de\/amf\/aktuelles\/","title":{"rendered":"Aktuelles"},"content":{"rendered":"\t\t<div data-elementor-type=\"wp-post\" data-elementor-id=\"410\" class=\"elementor elementor-410\">\n\t\t\t\t\t\t<section class=\"elementor-section elementor-top-section elementor-element elementor-element-0c5476a elementor-section-full_width elementor-hidden-phone elementor-section-height-default elementor-section-height-default\" data-id=\"0c5476a\" data-element_type=\"section\" data-settings=\"{&quot;jet_parallax_layout_list&quot;:[{&quot;jet_parallax_layout_image&quot;:{&quot;url&quot;:&quot;&quot;,&quot;id&quot;:&quot;&quot;,&quot;size&quot;:&quot;&quot;},&quot;_id&quot;:&quot;5c46d12&quot;,&quot;jet_parallax_layout_speed&quot;:{&quot;unit&quot;:&quot;%&quot;,&quot;size&quot;:&quot;50&quot;,&quot;sizes&quot;:[]},&quot;jet_parallax_layout_bg_x&quot;:&quot;50&quot;,&quot;jet_parallax_layout_bg_y&quot;:&quot;50&quot;,&quot;jet_parallax_layout_image_tablet&quot;:{&quot;url&quot;:&quot;&quot;,&quot;id&quot;:&quot;&quot;,&quot;size&quot;:&quot;&quot;},&quot;jet_parallax_layout_image_mobile&quot;:{&quot;url&quot;:&quot;&quot;,&quot;id&quot;:&quot;&quot;,&quot;size&quot;:&quot;&quot;},&quot;jet_parallax_layout_type&quot;:&quot;scroll&quot;,&quot;jet_parallax_layout_direction&quot;:null,&quot;jet_parallax_layout_fx_direction&quot;:null,&quot;jet_parallax_layout_z_index&quot;:&quot;&quot;,&quot;jet_parallax_layout_bg_x_tablet&quot;:&quot;&quot;,&quot;jet_parallax_layout_bg_x_mobile&quot;:&quot;&quot;,&quot;jet_parallax_layout_bg_y_tablet&quot;:&quot;&quot;,&quot;jet_parallax_layout_bg_y_mobile&quot;:&quot;&quot;,&quot;jet_parallax_layout_bg_size&quot;:&quot;auto&quot;,&quot;jet_parallax_layout_bg_size_tablet&quot;:&quot;&quot;,&quot;jet_parallax_layout_bg_size_mobile&quot;:&quot;&quot;,&quot;jet_parallax_layout_animation_prop&quot;:&quot;transform&quot;,&quot;jet_parallax_layout_on&quot;:[&quot;desktop&quot;,&quot;tablet&quot;]}]}\">\n\t\t\t\t\t\t<div class=\"elementor-container elementor-column-gap-no\">\n\t\t\t\t\t<div class=\"elementor-column elementor-col-100 elementor-top-column elementor-element elementor-element-39588b3\" data-id=\"39588b3\" data-element_type=\"column\">\n\t\t\t<div class=\"elementor-widget-wrap\">\n\t\t\t\t\t\t\t<\/div>\n\t\t<\/div>\n\t\t\t\t\t<\/div>\n\t\t<\/section>\n\t\t\t\t<section class=\"elementor-section elementor-top-section elementor-element elementor-element-3aced5f6 elementor-section-full_width elementor-section-height-min-height elementor-section-height-default elementor-section-items-middle\" data-id=\"3aced5f6\" data-element_type=\"section\" data-settings=\"{&quot;jet_parallax_layout_list&quot;:[{&quot;_id&quot;:&quot;50143ef&quot;,&quot;jet_parallax_layout_image&quot;:{&quot;url&quot;:&quot;&quot;,&quot;id&quot;:&quot;&quot;,&quot;size&quot;:&quot;&quot;},&quot;jet_parallax_layout_image_tablet&quot;:{&quot;url&quot;:&quot;&quot;,&quot;id&quot;:&quot;&quot;,&quot;size&quot;:&quot;&quot;},&quot;jet_parallax_layout_image_mobile&quot;:{&quot;url&quot;:&quot;&quot;,&quot;id&quot;:&quot;&quot;,&quot;size&quot;:&quot;&quot;},&quot;jet_parallax_layout_speed&quot;:{&quot;unit&quot;:&quot;%&quot;,&quot;size&quot;:50,&quot;sizes&quot;:[]},&quot;jet_parallax_layout_type&quot;:&quot;scroll&quot;,&quot;jet_parallax_layout_direction&quot;:null,&quot;jet_parallax_layout_fx_direction&quot;:null,&quot;jet_parallax_layout_z_index&quot;:&quot;&quot;,&quot;jet_parallax_layout_bg_x&quot;:50,&quot;jet_parallax_layout_bg_x_tablet&quot;:&quot;&quot;,&quot;jet_parallax_layout_bg_x_mobile&quot;:&quot;&quot;,&quot;jet_parallax_layout_bg_y&quot;:50,&quot;jet_parallax_layout_bg_y_tablet&quot;:&quot;&quot;,&quot;jet_parallax_layout_bg_y_mobile&quot;:&quot;&quot;,&quot;jet_parallax_layout_bg_size&quot;:&quot;auto&quot;,&quot;jet_parallax_layout_bg_size_tablet&quot;:&quot;&quot;,&quot;jet_parallax_layout_bg_size_mobile&quot;:&quot;&quot;,&quot;jet_parallax_layout_animation_prop&quot;:&quot;transform&quot;,&quot;jet_parallax_layout_on&quot;:[&quot;desktop&quot;,&quot;tablet&quot;]}]}\">\n\t\t\t\t\t\t<div class=\"elementor-container elementor-column-gap-no\">\n\t\t\t\t\t<div class=\"elementor-column elementor-col-100 elementor-top-column elementor-element elementor-element-3787a722\" data-id=\"3787a722\" data-element_type=\"column\">\n\t\t\t<div class=\"elementor-widget-wrap elementor-element-populated\">\n\t\t\t\t\t\t<div class=\"elementor-element elementor-element-137c2469 elementor-widget elementor-widget-jet-slider\" data-id=\"137c2469\" data-element_type=\"widget\" data-settings=\"{&quot;slider_height_tablet&quot;:{&quot;unit&quot;:&quot;px&quot;,&quot;size&quot;:400,&quot;sizes&quot;:[]},&quot;slider_height_mobile&quot;:{&quot;unit&quot;:&quot;px&quot;,&quot;size&quot;:200,&quot;sizes&quot;:[]},&quot;slider_height&quot;:{&quot;unit&quot;:&quot;px&quot;,&quot;size&quot;:600,&quot;sizes&quot;:[]}}\" data-widget_type=\"jet-slider.default\">\n\t\t\t\t<div class=\"elementor-widget-container\">\n\t\t\t<div class=\"elementor-jet-slider jet-elements\">\n<div class=\"jet-slider jet-slider__image-exact\" data-settings='{\"sliderWidth\":{\"unit\":\"%\",\"size\":100,\"sizes\":[]},\"sliderHeight\":{\"unit\":\"px\",\"size\":600,\"sizes\":[]},\"sliderNavigation\":false,\"sliderNavigationIcon\":\"jet-slider__arrow-icon-137c2469\",\"sliderNaviOnHover\":false,\"sliderPagination\":false,\"sliderAutoplay\":false,\"sliderAutoplayDelay\":5000,\"sliderAutoplayOnHover\":\"pause\",\"sliderFullScreen\":false,\"sliderFullscreenIcon\":\"jet-slider__fullscreen-icon-137c2469\",\"sliderShuffle\":false,\"sliderLoop\":false,\"sliderFadeMode\":false,\"slideDistance\":{\"unit\":\"px\",\"size\":0,\"sizes\":[]},\"slideDuration\":500,\"imageScaleMode\":\"exact\",\"thumbnails\":false,\"thumbnailWidth\":120,\"thumbnailHeight\":80,\"rightToLeft\":false,\"touchswipe\":false,\"fractionPag\":false}'>\n\t\n<div  class=\"slider-pro\"><div class=\"jet-slider__arrow-icon-137c2469 hidden-html\"><\/div><div class=\"jet-slider__fullscreen-icon-137c2469 hidden-html\"><\/div><div class=\"jet-slider__items sp-slides\">\n\n\n<div  class=\"jet-slider__item sp-slide elementor-repeater-item-2cbce88\"><img decoding=\"async\" class=\"sp-image\" src=\"https:\/\/natura2000.nfga.de\/amf\/wp-content\/uploads\/sites\/2\/2023\/01\/210429-020-scaled.jpg\" alt=\"210429-020\" loading=\"lazy\"><div class=\"jet-slider__content sp-layer \" data-position=\"centerCenter\" data-width=\"100%\" data-height=\"100%\" data-horizontal=\"0%\" data-show-transition=\"none\" data-show-duration=\"400\" data-show-delay=\"400\" >\n\t\t<div class=\"jet-slider__content-item\">\n\t\t\t<div class=\"jet-slider__content-inner\">\n\t\t\t\t\t\t<div class=\"jet-slider__button-wrapper\">\t\t\t\t\t\t<\/div><\/div>\n\t\t<\/div>\n\t\t\t<\/div>\n<\/div>\n\n<\/div>\n<\/div>\n<\/div>\n<\/div>\t\t<\/div>\n\t\t\t\t<\/div>\n\t\t\t\t\t<\/div>\n\t\t<\/div>\n\t\t\t\t\t<\/div>\n\t\t<\/section>\n\t\t\t\t<section class=\"elementor-section elementor-top-section elementor-element elementor-element-2aeef62c elementor-section-boxed elementor-section-height-default elementor-section-height-default\" data-id=\"2aeef62c\" data-element_type=\"section\" data-settings=\"{&quot;jet_parallax_layout_list&quot;:[],&quot;background_background&quot;:&quot;classic&quot;}\">\n\t\t\t\t\t\t<div class=\"elementor-container elementor-column-gap-default\">\n\t\t\t\t\t<div class=\"elementor-column elementor-col-33 elementor-top-column elementor-element elementor-element-4f5ebd1\" data-id=\"4f5ebd1\" data-element_type=\"column\">\n\t\t\t<div class=\"elementor-widget-wrap\">\n\t\t\t\t\t\t\t<\/div>\n\t\t<\/div>\n\t\t\t\t<div class=\"elementor-column elementor-col-33 elementor-top-column elementor-element elementor-element-6b73ecc6\" data-id=\"6b73ecc6\" data-element_type=\"column\">\n\t\t\t<div class=\"elementor-widget-wrap elementor-element-populated\">\n\t\t\t\t\t\t<div class=\"elementor-element elementor-element-4ef15608 elementor-position-top elementor-widget elementor-widget-image-box\" data-id=\"4ef15608\" data-element_type=\"widget\" data-widget_type=\"image-box.default\">\n\t\t\t\t<div class=\"elementor-widget-container\">\n\t\t\t<div class=\"elementor-image-box-wrapper\"><figure class=\"elementor-image-box-img\"><img decoding=\"async\" width=\"87\" height=\"86\" src=\"https:\/\/natura2000.nfga.de\/amf\/wp-content\/uploads\/sites\/2\/2022\/03\/Icons_Headlines_AMF-09.png\" class=\"attachment-full size-full wp-image-2580\" alt=\"\" \/><\/figure><div class=\"elementor-image-box-content\"><h3 class=\"elementor-image-box-title\">Aktuelle Beitr\u00e4ge<\/h3><\/div><\/div>\t\t<\/div>\n\t\t\t\t<\/div>\n\t\t\t\t<div class=\"elementor-element elementor-element-31d3565 elementor-widget elementor-widget-raven-posts\" data-id=\"31d3565\" data-element_type=\"widget\" data-settings=\"{&quot;classic_show_pagination&quot;:&quot;yes&quot;,&quot;classic_columns&quot;:&quot;2&quot;,&quot;_skin&quot;:&quot;classic&quot;,&quot;classic_layout&quot;:&quot;grid&quot;,&quot;classic_columns_tablet&quot;:&quot;2&quot;,&quot;classic_columns_mobile&quot;:&quot;1&quot;,&quot;query_posts_per_page&quot;:6,&quot;classic_pagination_type&quot;:&quot;page_based&quot;,&quot;query_offset&quot;:0}\" data-widget_type=\"raven-posts.classic\">\n\t\t\t\t<div class=\"elementor-widget-container\">\n\t\t\t\t\t<div class=\"raven-posts raven-grid raven-grid-2 raven-grid-mobile-1 raven-grid-tablet-2\" data-post-id=\"410\" data-archive-query=\"\" data-lang=\"\">\n\t\t\t\t<div class=\"raven-grid-item raven-post-item post-4658 post type-post status-publish format-standard has-post-thumbnail hentry category-allgemein tag-amphibien tag-nabu tag-natura-2000 tag-reptilien\">\n\t\t\t<div class=\"raven-post\">\n\t\t\t\t\t\t<div class=\"raven-post-image-wrap\">\n\t\t\t<a class=\"raven-post-image raven-image-fit\" href=\"https:\/\/natura2000.nfga.de\/amf\/12-06-26-exkursion-langer-tag-der-natur\/\"><img fetchpriority=\"high\" decoding=\"async\" width=\"1890\" height=\"1063\" src=\"https:\/\/natura2000.nfga.de\/amf\/wp-content\/uploads\/sites\/2\/2026\/04\/Vorschau_Website.png\" class=\"attachment-large size-large wp-image-4664\" alt=\"\" srcset=\"https:\/\/natura2000.nfga.de\/amf\/wp-content\/uploads\/sites\/2\/2026\/04\/Vorschau_Website.png 1890w, https:\/\/natura2000.nfga.de\/amf\/wp-content\/uploads\/sites\/2\/2026\/04\/Vorschau_Website-300x169.png 300w, https:\/\/natura2000.nfga.de\/amf\/wp-content\/uploads\/sites\/2\/2026\/04\/Vorschau_Website-768x432.png 768w, https:\/\/natura2000.nfga.de\/amf\/wp-content\/uploads\/sites\/2\/2026\/04\/Vorschau_Website-1536x864.png 1536w\" sizes=\"(max-width: 1890px) 100vw, 1890px\" \/> <span class=\"raven-post-image-overlay\"><\/span><\/a>\t\t<\/div>\n\t\t\t\t\t\t<div class=\"raven-post-content\">\n\t\t\t\t\t<h3 class=\"raven-post-title\"><a class=\"raven-post-title-link\" href=\"https:\/\/natura2000.nfga.de\/amf\/12-06-26-exkursion-langer-tag-der-natur\/\">12.06.26 Exkursion &#8222;Langer Tag der Natur&#8220;<\/a><\/h3><div class=\"raven-post-excerpt\">Am 12.06.2026 begeben wir uns mit euch auf Entdeckertour zwischen 1001 Teich(en). Zum Langen Tag der Natur entdecken wir die gro\u00dfen und kleinen Bewohner des Plothener Teichgebiets.<\/div>\t\t<div class=\"raven-post-read-more\">\n\t\t\t<a class=\"raven-post-button\" href=\"https:\/\/natura2000.nfga.de\/amf\/12-06-26-exkursion-langer-tag-der-natur\/\"><span class=\"raven-post-button-text\">weiterlesen<\/span><\/a>\n\t\t<\/div>\n\t\t\t\t\t\t<\/div>\n\t\t\t<\/div>\n\t\t<\/div>\n\t\t\t\t<div class=\"raven-grid-item raven-post-item post-4647 post type-post status-publish format-standard has-post-thumbnail hentry category-allgemein\">\n\t\t\t<div class=\"raven-post\">\n\t\t\t\t\t\t<div class=\"raven-post-image-wrap\">\n\t\t\t<a class=\"raven-post-image raven-image-fit\" href=\"https:\/\/natura2000.nfga.de\/amf\/nacht-der-offenen-grube-am-08-05-2026\/\"><img decoding=\"async\" width=\"1024\" height=\"380\" src=\"https:\/\/natura2000.nfga.de\/amf\/wp-content\/uploads\/sites\/2\/2023\/05\/Wechsel-Kreuzkroete-BARB-II.jpg\" class=\"attachment-large size-large wp-image-3812\" alt=\"\" srcset=\"https:\/\/natura2000.nfga.de\/amf\/wp-content\/uploads\/sites\/2\/2023\/05\/Wechsel-Kreuzkroete-BARB-II.jpg 1024w, https:\/\/natura2000.nfga.de\/amf\/wp-content\/uploads\/sites\/2\/2023\/05\/Wechsel-Kreuzkroete-BARB-II-300x111.jpg 300w, https:\/\/natura2000.nfga.de\/amf\/wp-content\/uploads\/sites\/2\/2023\/05\/Wechsel-Kreuzkroete-BARB-II-768x285.jpg 768w\" sizes=\"(max-width: 1024px) 100vw, 1024px\" \/> <span class=\"raven-post-image-overlay\"><\/span><\/a>\t\t<\/div>\n\t\t\t\t\t\t<div class=\"raven-post-content\">\n\t\t\t\t\t<h3 class=\"raven-post-title\"><a class=\"raven-post-title-link\" href=\"https:\/\/natura2000.nfga.de\/amf\/nacht-der-offenen-grube-am-08-05-2026\/\">Nacht der offenen Grube am 08.05.2026<\/a><\/h3><div class=\"raven-post-excerpt\">Das Bergbauberatungsprojekt l\u00e4dt Mitte Mai in die Tongrube Erfurt-Gispersleben ein, um bei einer spannenden, fachkundigen und kostenfreien Exkursion die sonst verborgene Welt der Rohstoffgewinnung voller seltener Tierarten zu entdecken.<\/div>\t\t<div class=\"raven-post-read-more\">\n\t\t\t<a class=\"raven-post-button\" href=\"https:\/\/natura2000.nfga.de\/amf\/nacht-der-offenen-grube-am-08-05-2026\/\"><span class=\"raven-post-button-text\">weiterlesen<\/span><\/a>\n\t\t<\/div>\n\t\t\t\t\t\t<\/div>\n\t\t\t<\/div>\n\t\t<\/div>\n\t\t\t\t<div class=\"raven-grid-item raven-post-item post-4643 post type-post status-publish format-standard has-post-thumbnail hentry category-allgemein tag-amphibien tag-amphibienwanderung tag-amphibienzaun tag-natura-2000 tag-naturschutz\">\n\t\t\t<div class=\"raven-post\">\n\t\t\t\t\t\t<div class=\"raven-post-image-wrap\">\n\t\t\t<a class=\"raven-post-image raven-image-fit\" href=\"https:\/\/natura2000.nfga.de\/amf\/aufgepasst-liebespaerchen-an-strassen\/\"><img loading=\"lazy\" decoding=\"async\" width=\"2249\" height=\"1500\" src=\"https:\/\/natura2000.nfga.de\/amf\/wp-content\/uploads\/sites\/2\/2025\/03\/20230322005340_2Z8A9524-2249x1500.jpg\" class=\"attachment-large size-large wp-image-4434\" alt=\"\" srcset=\"https:\/\/natura2000.nfga.de\/amf\/wp-content\/uploads\/sites\/2\/2025\/03\/20230322005340_2Z8A9524-2249x1500.jpg 2249w, https:\/\/natura2000.nfga.de\/amf\/wp-content\/uploads\/sites\/2\/2025\/03\/20230322005340_2Z8A9524-300x200.jpg 300w, https:\/\/natura2000.nfga.de\/amf\/wp-content\/uploads\/sites\/2\/2025\/03\/20230322005340_2Z8A9524-768x512.jpg 768w, https:\/\/natura2000.nfga.de\/amf\/wp-content\/uploads\/sites\/2\/2025\/03\/20230322005340_2Z8A9524-1536x1025.jpg 1536w, https:\/\/natura2000.nfga.de\/amf\/wp-content\/uploads\/sites\/2\/2025\/03\/20230322005340_2Z8A9524-2048x1366.jpg 2048w\" sizes=\"(max-width: 2249px) 100vw, 2249px\" \/> <span class=\"raven-post-image-overlay\"><\/span><\/a>\t\t<\/div>\n\t\t\t\t\t\t<div class=\"raven-post-content\">\n\t\t\t\t\t<h3 class=\"raven-post-title\"><a class=\"raven-post-title-link\" href=\"https:\/\/natura2000.nfga.de\/amf\/aufgepasst-liebespaerchen-an-strassen\/\">Aufgepasst! Liebesp\u00e4rchen an Stra\u00dfen<\/a><\/h3><div class=\"raven-post-excerpt\">Die Amphibien stehen in den Startl\u00f6chern \u2013 jedes Fr\u00fchjahr warten sie auf die passenden Bedingungen, um sich auf die Reise von ihren \u00dcberwinterungsquartieren zu ihren Laichgew\u00e4ssern zu machen und sich<\/div>\t\t<div class=\"raven-post-read-more\">\n\t\t\t<a class=\"raven-post-button\" href=\"https:\/\/natura2000.nfga.de\/amf\/aufgepasst-liebespaerchen-an-strassen\/\"><span class=\"raven-post-button-text\">weiterlesen<\/span><\/a>\n\t\t<\/div>\n\t\t\t\t\t\t<\/div>\n\t\t\t<\/div>\n\t\t<\/div>\n\t\t\t\t<div class=\"raven-grid-item raven-post-item post-4635 post type-post status-publish format-standard has-post-thumbnail hentry category-allgemein tag-job tag-natura-2000 tag-nfga tag-projektmanagement\">\n\t\t\t<div class=\"raven-post\">\n\t\t\t\t\t\t<div class=\"raven-post-image-wrap\">\n\t\t\t<a class=\"raven-post-image raven-image-fit\" href=\"https:\/\/natura2000.nfga.de\/amf\/stellenangebot-verwaltungsleitung-m-w-d-mit-schwerpunkt-finanzbuchhaltung\/\"><img loading=\"lazy\" decoding=\"async\" width=\"655\" height=\"647\" src=\"https:\/\/natura2000.nfga.de\/amf\/wp-content\/uploads\/sites\/2\/2022\/04\/Matschstiefel_Stellenausschreibung-e1714741132888.jpg\" class=\"attachment-large size-large wp-image-2945\" alt=\"\" srcset=\"https:\/\/natura2000.nfga.de\/amf\/wp-content\/uploads\/sites\/2\/2022\/04\/Matschstiefel_Stellenausschreibung-e1714741132888.jpg 655w, https:\/\/natura2000.nfga.de\/amf\/wp-content\/uploads\/sites\/2\/2022\/04\/Matschstiefel_Stellenausschreibung-e1714741132888-300x296.jpg 300w\" sizes=\"(max-width: 655px) 100vw, 655px\" \/> <span class=\"raven-post-image-overlay\"><\/span><\/a>\t\t<\/div>\n\t\t\t\t\t\t<div class=\"raven-post-content\">\n\t\t\t\t\t<h3 class=\"raven-post-title\"><a class=\"raven-post-title-link\" href=\"https:\/\/natura2000.nfga.de\/amf\/stellenangebot-verwaltungsleitung-m-w-d-mit-schwerpunkt-finanzbuchhaltung\/\">Stellenangebot Verwaltungsleitung (m\/w\/d) mit Schwerpunkt Finanzbuchhaltung<\/a><\/h3><div class=\"raven-post-excerpt\">Werde Teil des Teams und sei Fundament und Herz f\u00fcr unsere interne Organisation! Als Verwaltungsleitung bist du die rechte Hand des Vorstands \/ der Gesch\u00e4ftsleitung und die zentrale Schnittstelle f\u00fcr<\/div>\t\t<div class=\"raven-post-read-more\">\n\t\t\t<a class=\"raven-post-button\" href=\"https:\/\/natura2000.nfga.de\/amf\/stellenangebot-verwaltungsleitung-m-w-d-mit-schwerpunkt-finanzbuchhaltung\/\"><span class=\"raven-post-button-text\">weiterlesen<\/span><\/a>\n\t\t<\/div>\n\t\t\t\t\t\t<\/div>\n\t\t\t<\/div>\n\t\t<\/div>\n\t\t\t\t<div class=\"raven-grid-item raven-post-item post-4623 post type-post status-publish format-standard has-post-thumbnail hentry category-allgemein tag-amphibien tag-amphibienwanderung tag-amphibienzaun tag-art tag-natura-2000 tag-naturschutz tag-tlubn\">\n\t\t\t<div class=\"raven-post\">\n\t\t\t\t\t\t<div class=\"raven-post-image-wrap\">\n\t\t\t<a class=\"raven-post-image raven-image-fit\" href=\"https:\/\/natura2000.nfga.de\/amf\/31-01-seminar-amphibienschutz-an-strassen\/\"><img loading=\"lazy\" decoding=\"async\" width=\"2250\" height=\"1500\" src=\"https:\/\/natura2000.nfga.de\/amf\/wp-content\/uploads\/sites\/2\/2025\/01\/220312-031-2250x1500.jpg\" class=\"attachment-large size-large wp-image-4428\" alt=\"\" srcset=\"https:\/\/natura2000.nfga.de\/amf\/wp-content\/uploads\/sites\/2\/2025\/01\/220312-031-2250x1500.jpg 2250w, https:\/\/natura2000.nfga.de\/amf\/wp-content\/uploads\/sites\/2\/2025\/01\/220312-031-300x200.jpg 300w, https:\/\/natura2000.nfga.de\/amf\/wp-content\/uploads\/sites\/2\/2025\/01\/220312-031-768x512.jpg 768w, https:\/\/natura2000.nfga.de\/amf\/wp-content\/uploads\/sites\/2\/2025\/01\/220312-031-1536x1024.jpg 1536w, https:\/\/natura2000.nfga.de\/amf\/wp-content\/uploads\/sites\/2\/2025\/01\/220312-031-2048x1365.jpg 2048w\" sizes=\"(max-width: 2250px) 100vw, 2250px\" \/> <span class=\"raven-post-image-overlay\"><\/span><\/a>\t\t<\/div>\n\t\t\t\t\t\t<div class=\"raven-post-content\">\n\t\t\t\t\t<h3 class=\"raven-post-title\"><a class=\"raven-post-title-link\" href=\"https:\/\/natura2000.nfga.de\/amf\/31-01-seminar-amphibienschutz-an-strassen\/\">31.01. Seminar Amphibienschutz an Stra\u00dfen<\/a><\/h3><div class=\"raven-post-excerpt\">Vor Beginn der allj\u00e4hrlichen Amphibienwanderung laden TLUBN, ART und Natura 2000 Station zum Seminar nach Hildburghausen ein.<\/div>\t\t<div class=\"raven-post-read-more\">\n\t\t\t<a class=\"raven-post-button\" href=\"https:\/\/natura2000.nfga.de\/amf\/31-01-seminar-amphibienschutz-an-strassen\/\"><span class=\"raven-post-button-text\">weiterlesen<\/span><\/a>\n\t\t<\/div>\n\t\t\t\t\t\t<\/div>\n\t\t\t<\/div>\n\t\t<\/div>\n\t\t\t\t<div class=\"raven-grid-item raven-post-item post-4613 post type-post status-publish format-standard has-post-thumbnail hentry category-allgemein tag-job tag-natura-2000 tag-nfga tag-projektmanagement\">\n\t\t\t<div class=\"raven-post\">\n\t\t\t\t\t\t<div class=\"raven-post-image-wrap\">\n\t\t\t<a class=\"raven-post-image raven-image-fit\" href=\"https:\/\/natura2000.nfga.de\/amf\/stellenangebot-projektmanager\/\"><img loading=\"lazy\" decoding=\"async\" width=\"655\" height=\"647\" src=\"https:\/\/natura2000.nfga.de\/amf\/wp-content\/uploads\/sites\/2\/2022\/04\/Matschstiefel_Stellenausschreibung-e1714741132888.jpg\" class=\"attachment-large size-large wp-image-2945\" alt=\"\" srcset=\"https:\/\/natura2000.nfga.de\/amf\/wp-content\/uploads\/sites\/2\/2022\/04\/Matschstiefel_Stellenausschreibung-e1714741132888.jpg 655w, https:\/\/natura2000.nfga.de\/amf\/wp-content\/uploads\/sites\/2\/2022\/04\/Matschstiefel_Stellenausschreibung-e1714741132888-300x296.jpg 300w\" sizes=\"(max-width: 655px) 100vw, 655px\" \/> <span class=\"raven-post-image-overlay\"><\/span><\/a>\t\t<\/div>\n\t\t\t\t\t\t<div class=\"raven-post-content\">\n\t\t\t\t\t<h3 class=\"raven-post-title\"><a class=\"raven-post-title-link\" href=\"https:\/\/natura2000.nfga.de\/amf\/stellenangebot-projektmanager\/\">Stellenangebot ProjektmanagerIn<\/a><\/h3><div class=\"raven-post-excerpt\">F\u00fcr zwei unserer laufenden amphibienbezogenen Projekte suchen wir eine\/n erfahrene\/n ProjektmanagerIn zur Unterst\u00fctzung des bestehenden Teams. (Bewerbungsschluss 16.01.2026)<\/div>\t\t<div class=\"raven-post-read-more\">\n\t\t\t<a class=\"raven-post-button\" href=\"https:\/\/natura2000.nfga.de\/amf\/stellenangebot-projektmanager\/\"><span class=\"raven-post-button-text\">weiterlesen<\/span><\/a>\n\t\t<\/div>\n\t\t\t\t\t\t<\/div>\n\t\t\t<\/div>\n\t\t<\/div>\n\t\t\t\t<\/div>\n\t\t\t\t<div class=\"raven-pagination\" data-settings=\"{&quot;posts_per_page&quot;:6,&quot;total_pages&quot;:8,&quot;pages_visible&quot;:7}\">\n\t\t\t<div class=\"raven-pagination-items\">\n\t\t\t\t<a class=\"raven-pagination-prev raven-pagination-item raven-pagination-disabled\" href=\"#\">&laquo; Seite<\/a><a class=\"raven-pagination-num raven-pagination-item raven-pagination-active\" href=\"#\" data-page-num=\"1\">1<\/a><a class=\"raven-pagination-num raven-pagination-item\" href=\"#\" data-page-num=\"2\">2<\/a><a class=\"raven-pagination-num raven-pagination-item\" href=\"#\" data-page-num=\"3\">3<\/a><a class=\"raven-pagination-num raven-pagination-item\" href=\"#\" data-page-num=\"4\">4<\/a><a class=\"raven-pagination-num raven-pagination-item\" href=\"#\" data-page-num=\"5\">5<\/a><a class=\"raven-pagination-num raven-pagination-item\" href=\"#\" data-page-num=\"6\">6<\/a><a class=\"raven-pagination-num raven-pagination-item\" href=\"#\" data-page-num=\"7\">7<\/a><a class=\"raven-pagination-next raven-pagination-item\" href=\"#\">Seite &raquo;<\/a>\t\t\t<\/div>\n\t\t<\/div>\n\t\t\t\t<\/div>\n\t\t\t\t<\/div>\n\t\t\t\t\t<\/div>\n\t\t<\/div>\n\t\t\t\t<div class=\"elementor-column elementor-col-33 elementor-top-column elementor-element elementor-element-509be75b\" data-id=\"509be75b\" data-element_type=\"column\">\n\t\t\t<div class=\"elementor-widget-wrap\">\n\t\t\t\t\t\t\t<\/div>\n\t\t<\/div>\n\t\t\t\t\t<\/div>\n\t\t<\/section>\n\t\t\t\t<\/div>\n\t\t","protected":false},"excerpt":{"rendered":"<p>Aktuelle Beitr\u00e4ge Umzug in neue R\u00e4umlichkeiten Anfang des Monats ist das B\u00fcro der Natura 2000-Station &quot;Auen, Moore, Feuchtgebiete&quot; in neue R\u00e4umlichkeiten umgezogen. weiterlesen 19.09. Kindermuseumsnacht Altenburg Unter dem Motto &quot;Nachts im Museum&quot; k\u00f6nnt ihr bei vielf\u00e4ltigem Programm das Lindenau-Museum, Residenzschloss und Naturkundemuseum Mauritianum erkunden. Mit Themen rund um das Leben der Amphibien und Reptilien in [&hellip;]<\/p>\n","protected":false},"author":1,"featured_media":0,"parent":0,"menu_order":0,"comment_status":"closed","ping_status":"closed","template":"elementor_header_footer","meta":{"_acf_changed":false,"footnotes":""},"class_list":["post-410","page","type-page","status-publish","hentry"],"acf":[],"_links":{"self":[{"href":"https:\/\/natura2000.nfga.de\/amf\/wp-json\/wp\/v2\/pages\/410","targetHints":{"allow":["GET"]}}],"collection":[{"href":"https:\/\/natura2000.nfga.de\/amf\/wp-json\/wp\/v2\/pages"}],"about":[{"href":"https:\/\/natura2000.nfga.de\/amf\/wp-json\/wp\/v2\/types\/page"}],"author":[{"embeddable":true,"href":"https:\/\/natura2000.nfga.de\/amf\/wp-json\/wp\/v2\/users\/1"}],"replies":[{"embeddable":true,"href":"https:\/\/natura2000.nfga.de\/amf\/wp-json\/wp\/v2\/comments?post=410"}],"version-history":[{"count":126,"href":"https:\/\/natura2000.nfga.de\/amf\/wp-json\/wp\/v2\/pages\/410\/revisions"}],"predecessor-version":[{"id":4539,"href":"https:\/\/natura2000.nfga.de\/amf\/wp-json\/wp\/v2\/pages\/410\/revisions\/4539"}],"wp:attachment":[{"href":"https:\/\/natura2000.nfga.de\/amf\/wp-json\/wp\/v2\/media?parent=410"}],"curies":[{"name":"wp","href":"https:\/\/api.w.org\/{rel}","templated":true}]}}