{"id":609,"date":"2022-03-10T09:07:33","date_gmt":"2022-03-10T08:07:33","guid":{"rendered":"https:\/\/natura2000.nfga.de\/gik\/?page_id=609"},"modified":"2025-01-06T11:43:48","modified_gmt":"2025-01-06T10:43:48","slug":"beratungsleistungen","status":"publish","type":"page","link":"https:\/\/natura2000.nfga.de\/gik\/beratungsleistungen\/","title":{"rendered":"Beratungsleistungen"},"content":{"rendered":"\t\t<div data-elementor-type=\"wp-post\" data-elementor-id=\"609\" class=\"elementor elementor-609\">\n\t\t\t\t\t\t<section class=\"elementor-section elementor-top-section elementor-element elementor-element-0c5476a elementor-section-full_width elementor-hidden-phone elementor-section-height-default elementor-section-height-default\" data-id=\"0c5476a\" data-element_type=\"section\" data-settings=\"{&quot;jet_parallax_layout_list&quot;:[{&quot;jet_parallax_layout_image&quot;:{&quot;url&quot;:&quot;&quot;,&quot;id&quot;:&quot;&quot;,&quot;size&quot;:&quot;&quot;},&quot;_id&quot;:&quot;5c46d12&quot;,&quot;jet_parallax_layout_speed&quot;:{&quot;unit&quot;:&quot;%&quot;,&quot;size&quot;:&quot;50&quot;,&quot;sizes&quot;:[]},&quot;jet_parallax_layout_bg_x&quot;:&quot;50&quot;,&quot;jet_parallax_layout_bg_y&quot;:&quot;50&quot;,&quot;jet_parallax_layout_image_tablet&quot;:{&quot;url&quot;:&quot;&quot;,&quot;id&quot;:&quot;&quot;,&quot;size&quot;:&quot;&quot;},&quot;jet_parallax_layout_image_mobile&quot;:{&quot;url&quot;:&quot;&quot;,&quot;id&quot;:&quot;&quot;,&quot;size&quot;:&quot;&quot;},&quot;jet_parallax_layout_type&quot;:&quot;scroll&quot;,&quot;jet_parallax_layout_direction&quot;:null,&quot;jet_parallax_layout_fx_direction&quot;:null,&quot;jet_parallax_layout_z_index&quot;:&quot;&quot;,&quot;jet_parallax_layout_bg_x_tablet&quot;:&quot;&quot;,&quot;jet_parallax_layout_bg_x_mobile&quot;:&quot;&quot;,&quot;jet_parallax_layout_bg_y_tablet&quot;:&quot;&quot;,&quot;jet_parallax_layout_bg_y_mobile&quot;:&quot;&quot;,&quot;jet_parallax_layout_bg_size&quot;:&quot;auto&quot;,&quot;jet_parallax_layout_bg_size_tablet&quot;:&quot;&quot;,&quot;jet_parallax_layout_bg_size_mobile&quot;:&quot;&quot;,&quot;jet_parallax_layout_animation_prop&quot;:&quot;transform&quot;,&quot;jet_parallax_layout_on&quot;:[&quot;desktop&quot;,&quot;tablet&quot;]}]}\">\n\t\t\t\t\t\t<div class=\"elementor-container elementor-column-gap-no\">\n\t\t\t\t\t<div class=\"elementor-column elementor-col-100 elementor-top-column elementor-element elementor-element-7c72af7\" data-id=\"7c72af7\" data-element_type=\"column\">\n\t\t\t<div class=\"elementor-widget-wrap\">\n\t\t\t\t\t\t\t<\/div>\n\t\t<\/div>\n\t\t\t\t\t<\/div>\n\t\t<\/section>\n\t\t\t\t<section class=\"elementor-section elementor-top-section elementor-element elementor-element-4db47326 elementor-section-full_width elementor-section-height-min-height elementor-section-height-default elementor-section-items-middle\" data-id=\"4db47326\" data-element_type=\"section\" data-settings=\"{&quot;jet_parallax_layout_list&quot;:[{&quot;_id&quot;:&quot;50143ef&quot;,&quot;jet_parallax_layout_image&quot;:{&quot;url&quot;:&quot;&quot;,&quot;id&quot;:&quot;&quot;,&quot;size&quot;:&quot;&quot;},&quot;jet_parallax_layout_image_tablet&quot;:{&quot;url&quot;:&quot;&quot;,&quot;id&quot;:&quot;&quot;,&quot;size&quot;:&quot;&quot;},&quot;jet_parallax_layout_image_mobile&quot;:{&quot;url&quot;:&quot;&quot;,&quot;id&quot;:&quot;&quot;,&quot;size&quot;:&quot;&quot;},&quot;jet_parallax_layout_speed&quot;:{&quot;unit&quot;:&quot;%&quot;,&quot;size&quot;:50,&quot;sizes&quot;:[]},&quot;jet_parallax_layout_type&quot;:&quot;scroll&quot;,&quot;jet_parallax_layout_direction&quot;:null,&quot;jet_parallax_layout_fx_direction&quot;:null,&quot;jet_parallax_layout_z_index&quot;:&quot;&quot;,&quot;jet_parallax_layout_bg_x&quot;:50,&quot;jet_parallax_layout_bg_x_tablet&quot;:&quot;&quot;,&quot;jet_parallax_layout_bg_x_mobile&quot;:&quot;&quot;,&quot;jet_parallax_layout_bg_y&quot;:50,&quot;jet_parallax_layout_bg_y_tablet&quot;:&quot;&quot;,&quot;jet_parallax_layout_bg_y_mobile&quot;:&quot;&quot;,&quot;jet_parallax_layout_bg_size&quot;:&quot;auto&quot;,&quot;jet_parallax_layout_bg_size_tablet&quot;:&quot;&quot;,&quot;jet_parallax_layout_bg_size_mobile&quot;:&quot;&quot;,&quot;jet_parallax_layout_animation_prop&quot;:&quot;transform&quot;,&quot;jet_parallax_layout_on&quot;:[&quot;desktop&quot;,&quot;tablet&quot;]}]}\">\n\t\t\t\t\t\t<div class=\"elementor-container elementor-column-gap-no\">\n\t\t\t\t\t<div class=\"elementor-column elementor-col-100 elementor-top-column elementor-element elementor-element-3dcf16a8\" data-id=\"3dcf16a8\" data-element_type=\"column\">\n\t\t\t<div class=\"elementor-widget-wrap elementor-element-populated\">\n\t\t\t\t\t\t<div class=\"elementor-element elementor-element-17669bc5 elementor-widget elementor-widget-jet-slider\" data-id=\"17669bc5\" data-element_type=\"widget\" data-settings=\"{&quot;slider_height_tablet&quot;:{&quot;unit&quot;:&quot;px&quot;,&quot;size&quot;:&quot;400&quot;,&quot;sizes&quot;:[]},&quot;slider_height_mobile&quot;:{&quot;unit&quot;:&quot;px&quot;,&quot;size&quot;:&quot;200&quot;,&quot;sizes&quot;:[]},&quot;slider_height&quot;:{&quot;unit&quot;:&quot;px&quot;,&quot;size&quot;:&quot;550&quot;,&quot;sizes&quot;:[]}}\" data-widget_type=\"jet-slider.default\">\n\t\t\t\t<div class=\"elementor-widget-container\">\n\t\t\t<div class=\"elementor-jet-slider jet-elements\">\n<div class=\"jet-slider jet-slider__image-exact\" data-settings='{\"sliderWidth\":{\"unit\":\"%\",\"size\":100,\"sizes\":[]},\"sliderHeight\":{\"unit\":\"px\",\"size\":\"550\",\"sizes\":[]},\"sliderNavigation\":false,\"sliderNavigationIcon\":\"jet-slider__arrow-icon-17669bc5\",\"sliderNaviOnHover\":false,\"sliderPagination\":false,\"sliderAutoplay\":false,\"sliderAutoplayDelay\":5000,\"sliderAutoplayOnHover\":\"pause\",\"sliderFullScreen\":false,\"sliderFullscreenIcon\":\"jet-slider__fullscreen-icon-17669bc5\",\"sliderShuffle\":false,\"sliderLoop\":false,\"sliderFadeMode\":false,\"slideDistance\":{\"unit\":\"px\",\"size\":\"0\",\"sizes\":[]},\"slideDuration\":500,\"imageScaleMode\":\"exact\",\"thumbnails\":false,\"thumbnailWidth\":120,\"thumbnailHeight\":80,\"rightToLeft\":false,\"touchswipe\":false,\"fractionPag\":false}'>\n\t\n<div  class=\"slider-pro\"><div class=\"jet-slider__arrow-icon-17669bc5 hidden-html\"><\/div><div class=\"jet-slider__fullscreen-icon-17669bc5 hidden-html\"><\/div><div class=\"jet-slider__items sp-slides\">\n\n\n<div  class=\"jet-slider__item sp-slide elementor-repeater-item-2cbce88\"><img decoding=\"async\" class=\"sp-image\" src=\"https:\/\/natura2000.nfga.de\/gik\/wp-content\/uploads\/sites\/4\/2022\/03\/Header_Herdenschutzhunde.jpg\" alt=\"Header_Herdenschutzhunde\" loading=\"lazy\"><div class=\"jet-slider__content sp-layer \" data-position=\"centerCenter\" data-width=\"100%\" data-height=\"100%\" data-horizontal=\"0%\" data-show-transition=\"none\" data-show-duration=\"400\" data-show-delay=\"400\" >\n\t\t<div class=\"jet-slider__content-item\">\n\t\t\t<div class=\"jet-slider__content-inner\">\n\t\t\t\t\t\t<div class=\"jet-slider__button-wrapper\">\t\t\t\t\t\t<\/div><\/div>\n\t\t<\/div>\n\t\t\t<\/div>\n<\/div>\n\n<\/div>\n<\/div>\n<\/div>\n<\/div>\t\t<\/div>\n\t\t\t\t<\/div>\n\t\t\t\t\t<\/div>\n\t\t<\/div>\n\t\t\t\t\t<\/div>\n\t\t<\/section>\n\t\t\t\t<section class=\"elementor-section elementor-top-section elementor-element elementor-element-2584b67 elementor-section-boxed elementor-section-height-default elementor-section-height-default\" data-id=\"2584b67\" data-element_type=\"section\" data-settings=\"{&quot;jet_parallax_layout_list&quot;:[],&quot;background_background&quot;:&quot;classic&quot;}\">\n\t\t\t\t\t\t\t<div class=\"elementor-background-overlay\"><\/div>\n\t\t\t\t\t\t\t<div class=\"elementor-container elementor-column-gap-default\">\n\t\t\t\t\t<div class=\"elementor-column elementor-col-33 elementor-top-column elementor-element elementor-element-db4bc49\" data-id=\"db4bc49\" data-element_type=\"column\">\n\t\t\t<div class=\"elementor-widget-wrap\">\n\t\t\t\t\t\t\t<\/div>\n\t\t<\/div>\n\t\t\t\t<div class=\"elementor-column elementor-col-33 elementor-top-column elementor-element elementor-element-5758b39\" data-id=\"5758b39\" data-element_type=\"column\">\n\t\t\t<div class=\"elementor-widget-wrap elementor-element-populated\">\n\t\t\t\t\t\t<div class=\"elementor-element elementor-element-2fb608c9 elementor-position-top elementor-widget elementor-widget-image-box\" data-id=\"2fb608c9\" data-element_type=\"widget\" data-widget_type=\"image-box.default\">\n\t\t\t\t<div class=\"elementor-widget-container\">\n\t\t\t<div class=\"elementor-image-box-wrapper\"><figure class=\"elementor-image-box-img\"><img decoding=\"async\" width=\"86\" height=\"86\" src=\"https:\/\/natura2000.nfga.de\/gik\/wp-content\/uploads\/sites\/4\/2022\/03\/Icons_Headlines_GIK-Beratung.png\" class=\"attachment-full size-full wp-image-1583\" alt=\"\" \/><\/figure><div class=\"elementor-image-box-content\"><h3 class=\"elementor-image-box-title\">Beratungsleistungen<\/h3><\/div><\/div>\t\t<\/div>\n\t\t\t\t<\/div>\n\t\t\t\t<div class=\"elementor-element elementor-element-dae584b elementor-widget elementor-widget-text-editor\" data-id=\"dae584b\" data-element_type=\"widget\" data-widget_type=\"text-editor.default\">\n\t\t\t\t<div class=\"elementor-widget-container\">\n\t\t\t\t\t\t\t<p>Wir beraten Landnutzer und andere Naturschutzakteure vor Ort hinsichtlich naturvertr\u00e4glicher Bewirtschaftung und F\u00f6rderm\u00f6glichkeiten.\u00a0<\/p>\t\t\t\t\t\t<\/div>\n\t\t\t\t<\/div>\n\t\t\t\t<div class=\"elementor-element elementor-element-479678b elementor-widget elementor-widget-icon-box\" data-id=\"479678b\" data-element_type=\"widget\" id=\"nalap\" data-widget_type=\"icon-box.default\">\n\t\t\t\t<div class=\"elementor-widget-container\">\n\t\t\t\t\t<div class=\"elementor-icon-box-wrapper\">\n\n\t\t\t\n\t\t\t\t\t\t<div class=\"elementor-icon-box-content\">\n\n\t\t\t\t\t\t\t\t\t<h3 class=\"elementor-icon-box-title\">\n\t\t\t\t\t\t<span  >\n\t\t\t\t\t\t\tNALAP-Richtlinie \t\t\t\t\t\t<\/span>\n\t\t\t\t\t<\/h3>\n\t\t\t\t\n\t\t\t\t\t\t\t\t\t<p class=\"elementor-icon-box-description\">\n\t\t\t\t\t\t(Programm zur F\u00f6rderung von Ma\u00dfnahmen des Naturschutzes und der Landschaftspflege in Th\u00fcringen)\n\n\t\t\t\t\t<\/p>\n\t\t\t\t\n\t\t\t<\/div>\n\t\t\t\n\t\t<\/div>\n\t\t\t\t<\/div>\n\t\t\t\t<\/div>\n\t\t\t\t<div class=\"elementor-element elementor-element-96f94f7 elementor-widget elementor-widget-text-editor\" data-id=\"96f94f7\" data-element_type=\"widget\" data-widget_type=\"text-editor.default\">\n\t\t\t\t<div class=\"elementor-widget-container\">\n\t\t\t\t\t\t\t<p>Wir unterst\u00fctzen und beraten Privatpersonen, Vereine, Verb\u00e4nde, \u00d6ffentliche, Einrichtungen, Kommunen und z. T. landwirtschaftliche Unternehmen im Rahmen der NALAP-Richtlinie zu folgenden Punkten:<\/p>\t\t\t\t\t\t<\/div>\n\t\t\t\t<\/div>\n\t\t\t\t<div class=\"elementor-element elementor-element-4b9dae0 elementor-widget elementor-widget-toggle\" data-id=\"4b9dae0\" data-element_type=\"widget\" data-widget_type=\"toggle.default\">\n\t\t\t\t<div class=\"elementor-widget-container\">\n\t\t\t\t\t<div class=\"elementor-toggle\">\n\t\t\t\t\t\t\t<div class=\"elementor-toggle-item\">\n\t\t\t\t\t<div id=\"elementor-tab-title-7921\" class=\"elementor-tab-title\" data-tab=\"1\" role=\"button\" aria-controls=\"elementor-tab-content-7921\" aria-expanded=\"false\">\n\t\t\t\t\t\t\t\t\t\t\t\t<span class=\"elementor-toggle-icon elementor-toggle-icon-left\" aria-hidden=\"true\">\n\t\t\t\t\t\t\t\t\t\t\t\t\t\t\t<span class=\"elementor-toggle-icon-closed\"><i class=\"fas fa-caret-right\"><\/i><\/span>\n\t\t\t\t\t\t\t\t<span class=\"elementor-toggle-icon-opened\"><i class=\"elementor-toggle-icon-opened fas fa-caret-up\"><\/i><\/span>\n\t\t\t\t\t\t\t\t\t\t\t\t\t<\/span>\n\t\t\t\t\t\t\t\t\t\t\t\t<a class=\"elementor-toggle-title\" tabindex=\"0\">Dauerpflege Vertragsnaturschutz:<\/a>\n\t\t\t\t\t<\/div>\n\n\t\t\t\t\t<div id=\"elementor-tab-content-7921\" class=\"elementor-tab-content elementor-clearfix\" data-tab=\"1\" role=\"region\" aria-labelledby=\"elementor-tab-title-7921\"><ul><li>langfristige Fl\u00e4chenpflege zur Entwicklung von gesch\u00fctzten Lebensraumtypen und deren typischer Lebensgemeinschaften (z.B. Feuchtwiesen, Streuobstwiesen, Teiche, Kopfweiden u.a.)<\/li><\/ul><\/div>\n\t\t\t\t<\/div>\n\t\t\t\t\t\t\t<div class=\"elementor-toggle-item\">\n\t\t\t\t\t<div id=\"elementor-tab-title-7922\" class=\"elementor-tab-title\" data-tab=\"2\" role=\"button\" aria-controls=\"elementor-tab-content-7922\" aria-expanded=\"false\">\n\t\t\t\t\t\t\t\t\t\t\t\t<span class=\"elementor-toggle-icon elementor-toggle-icon-left\" aria-hidden=\"true\">\n\t\t\t\t\t\t\t\t\t\t\t\t\t\t\t<span class=\"elementor-toggle-icon-closed\"><i class=\"fas fa-caret-right\"><\/i><\/span>\n\t\t\t\t\t\t\t\t<span class=\"elementor-toggle-icon-opened\"><i class=\"elementor-toggle-icon-opened fas fa-caret-up\"><\/i><\/span>\n\t\t\t\t\t\t\t\t\t\t\t\t\t<\/span>\n\t\t\t\t\t\t\t\t\t\t\t\t<a class=\"elementor-toggle-title\" tabindex=\"0\">Investive Naturschutzma\u00dfnahmen:<\/a>\n\t\t\t\t\t<\/div>\n\n\t\t\t\t\t<div id=\"elementor-tab-content-7922\" class=\"elementor-tab-content elementor-clearfix\" data-tab=\"2\" role=\"region\" aria-labelledby=\"elementor-tab-title-7922\"><ul><li>Ma\u00dfnahmen zur Schaffung, Wiederherstellung und Entwicklung gesch\u00fctzter Lebensr\u00e4ume sowie Lebensst\u00e4tten wildlebender Tier- und Pflanzenarten in der Agrarlandschaft (z.B. Entschlammung von Kleingew\u00e4ssern, Anpflanzung von Hecken und Baumreihen, Anlage von Kleinbiotopen, Wiederherstellung von Offenlandlebensr\u00e4umen durch Entbuschung usw.)<\/li><li>Grunderwerb naturschutzfachlich wertvoller Fl\u00e4chen<\/li><li>Umweltbildung (z.B. Entwicklung und Anbringung von Informationstafeln in Schutzgebieten)<\/li><\/ul><p><a href=\"https:\/\/umwelt.thueringen.de\/themen\/natur-artenschutz\/foerderung\/nalap\"><em>Weiterf\u00fchrende Informationen finden Sie hier.<\/em><\/a><\/p><p><strong>AnsprechpartnerInnen:<br \/><\/strong><br \/><strong>Ilm-Kreis:<\/strong> <br \/>Marie Scheller | Tel.: 0157 37293657 | E-Mail: <a href=\"mailto:scheller@nfga.de\"><em>scheller[at]nfga.de<\/em><\/a><\/p><p>Nils Heinrich |\u00a0Tel.: 036256 153964 |\u00a0E-Mail: <em><a href=\"mailto:heinrich@nfga.de\">heinrich[at]nfga.de<\/a><\/em><\/p><p><strong>Landkreis Gotha:<\/strong><br \/>Konstanze Scheffler | Tel.: 036256 153902 |\u00a0E-Mail: <em><a href=\"mailto:scheffler@nfga.de\">scheffler[at]nfga.de<\/a><\/em><\/p><p>Katja B\u00f6rner |\u00a0Tel.: 036256 153965 |\u00a0E-Mail:<em> <a href=\"mailto:boerner@nfga.de\">boerner<\/a><a href=\"mailto:boerner@nfga.de\">[<\/a><a href=\"mailto:boerner@nfga.de\">at]nfga.de<\/a><\/em><\/p><\/div>\n\t\t\t\t<\/div>\n\t\t\t\t\t\t\t\t<\/div>\n\t\t\t\t<\/div>\n\t\t\t\t<\/div>\n\t\t\t\t<div class=\"elementor-element elementor-element-dbabc15 elementor-widget elementor-widget-icon-box\" data-id=\"dbabc15\" data-element_type=\"widget\" id=\"kulap\" data-widget_type=\"icon-box.default\">\n\t\t\t\t<div class=\"elementor-widget-container\">\n\t\t\t\t\t<div class=\"elementor-icon-box-wrapper\">\n\n\t\t\t\n\t\t\t\t\t\t<div class=\"elementor-icon-box-content\">\n\n\t\t\t\t\t\t\t\t\t<h3 class=\"elementor-icon-box-title\">\n\t\t\t\t\t\t<span  >\n\t\t\t\t\t\t\tKULAP\t\t\t\t\t\t<\/span>\n\t\t\t\t\t<\/h3>\n\t\t\t\t\n\t\t\t\t\t\t\t\t\t<p class=\"elementor-icon-box-description\">\n\t\t\t\t\t\t(Th\u00fcringer Programm zur F\u00f6rderung von umwelt- und klimagerechter Landwirtschaft, Erhaltung der Kulturlandschaft, Naturschutz und Landschaftspflege)\t\t\t\t\t<\/p>\n\t\t\t\t\n\t\t\t<\/div>\n\t\t\t\n\t\t<\/div>\n\t\t\t\t<\/div>\n\t\t\t\t<\/div>\n\t\t\t\t<div class=\"elementor-element elementor-element-290d9b1 elementor-widget elementor-widget-text-editor\" data-id=\"290d9b1\" data-element_type=\"widget\" data-widget_type=\"text-editor.default\">\n\t\t\t\t<div class=\"elementor-widget-container\">\n\t\t\t\t\t\t\t<p>Das KULAP-Programm zielt auf die Erhaltung oder Verbesserung der Umweltsituation im Agrarraum ab. Im Jahr 2023 beginnt die neue KULAP-F\u00f6rderperiode. Landwirtschaftliche Unternehmen und andere Bewirtschafter von landwirtschaftlichen Fl\u00e4chen werden von uns \u00fcber die F\u00f6rderm\u00f6glichkeiten beraten und erhalten Hilfestellung bei der Antragstellung.<\/p>\t\t\t\t\t\t<\/div>\n\t\t\t\t<\/div>\n\t\t\t\t<div class=\"elementor-element elementor-element-713c88a elementor-widget elementor-widget-toggle\" data-id=\"713c88a\" data-element_type=\"widget\" data-widget_type=\"toggle.default\">\n\t\t\t\t<div class=\"elementor-widget-container\">\n\t\t\t\t\t<div class=\"elementor-toggle\">\n\t\t\t\t\t\t\t<div class=\"elementor-toggle-item\">\n\t\t\t\t\t<div id=\"elementor-tab-title-1181\" class=\"elementor-tab-title\" data-tab=\"1\" role=\"button\" aria-controls=\"elementor-tab-content-1181\" aria-expanded=\"false\">\n\t\t\t\t\t\t\t\t\t\t\t\t<span class=\"elementor-toggle-icon elementor-toggle-icon-left\" aria-hidden=\"true\">\n\t\t\t\t\t\t\t\t\t\t\t\t\t\t\t<span class=\"elementor-toggle-icon-closed\"><i class=\"fas fa-caret-right\"><\/i><\/span>\n\t\t\t\t\t\t\t\t<span class=\"elementor-toggle-icon-opened\"><i class=\"elementor-toggle-icon-opened fas fa-caret-up\"><\/i><\/span>\n\t\t\t\t\t\t\t\t\t\t\t\t\t<\/span>\n\t\t\t\t\t\t\t\t\t\t\t\t<a class=\"elementor-toggle-title\" tabindex=\"0\">Was wird gef\u00f6rdert?<\/a>\n\t\t\t\t\t<\/div>\n\n\t\t\t\t\t<div id=\"elementor-tab-content-1181\" class=\"elementor-tab-content elementor-clearfix\" data-tab=\"1\" role=\"region\" aria-labelledby=\"elementor-tab-title-1181\"><p>Gef\u00f6rdert werden freiwillige Ma\u00dfnahmen zur Wiederherstellung, Erhaltung und Verbesserung der Biodiversit\u00e4t in Kulturlandschaften. Ma\u00dfnahmen k\u00f6nnen sein:<span class=\"Apple-converted-space\">\u00a0<\/span><\/p><ul><li>Mahd, Beweidung bzw. H\u00fcteschafhaltung auf Biotop-Gr\u00fcnland (z.B. Trockenrasen, Feuchtwiesen, Bergwiesen, artenreiches Gr\u00fcnland)<\/li><li>Erhaltung von Streuobstwiesen durch Pflege des Baumbestandes<\/li><li>dauerhafte Umwandlung von Ackerland in Dauergr\u00fcnland<\/li><li>Anlage von Bl\u00fchstreifen und Bl\u00fchfl\u00e4chen,<\/li><li>Anlage von Ackerrandstreifen<\/li><li>Ma\u00dfnahmen zum Feldhamster- und Rotmilanschutz<span class=\"Apple-converted-space\">\u00a0<\/span><\/li><\/ul><p><a href=\"https:\/\/umwelt.thueringen.de\/themen\/natur-artenschutz\/foerderung\/kulap\"><em>Weiterf\u00fchrende Informationen finden Sie hier.<\/em><\/a><\/p><p><strong>AnsprechpartnerInnen:<br \/><\/strong><br \/>Marie Scheller | Tel.: 0157 37293657 | E-Mail: <a href=\"mailto:scheller@nfga.de\"><em>scheller[at]nfga.de<\/em><\/a><\/p><p>Magdalena Werner<span class=\"Apple-converted-space\">\u00a0|\u00a0<\/span>Tel. 0176 78842471 |\u00a0E-Mail: <a href=\"m.werner@nfga.de\"><em>m.werner[at]nfga.de<\/em><\/a><\/p><p>Hartmut Schmidt |\u00a0Tel.:\u00a00172 7768026 |\u00a0E-Mail: <a href=\"schmidt@nfga.de\"><em>schmidt[at]nfga.de<\/em><\/a><\/p><\/div>\n\t\t\t\t<\/div>\n\t\t\t\t\t\t\t\t<\/div>\n\t\t\t\t<\/div>\n\t\t\t\t<\/div>\n\t\t\t\t<div class=\"elementor-element elementor-element-41ecacb elementor-widget elementor-widget-icon-box\" data-id=\"41ecacb\" data-element_type=\"widget\" id=\"wolf\" data-widget_type=\"icon-box.default\">\n\t\t\t\t<div class=\"elementor-widget-container\">\n\t\t\t\t\t<div class=\"elementor-icon-box-wrapper\">\n\n\t\t\t\n\t\t\t\t\t\t<div class=\"elementor-icon-box-content\">\n\n\t\t\t\t\t\t\t\t\t<h3 class=\"elementor-icon-box-title\">\n\t\t\t\t\t\t<span  >\n\t\t\t\t\t\t\tWolf-Luchs-Richtlinie\/ Herdenschutz\t\t\t\t\t\t<\/span>\n\t\t\t\t\t<\/h3>\n\t\t\t\t\n\t\t\t\t\n\t\t\t<\/div>\n\t\t\t\n\t\t<\/div>\n\t\t\t\t<\/div>\n\t\t\t\t<\/div>\n\t\t\t\t<div class=\"elementor-element elementor-element-4b93897 elementor-widget elementor-widget-text-editor\" data-id=\"4b93897\" data-element_type=\"widget\" data-widget_type=\"text-editor.default\">\n\t\t\t\t<div class=\"elementor-widget-container\">\n\t\t\t\t\t\t\t<p>Die Wolf-Luchs-Richtlinie soll Sch\u00e4den durch Wolf und\/oder Luchs verringern oder verhindern und die Akzeptanz f\u00fcr diese Arten erh\u00f6hen. Hierdurch k\u00f6nnen beispielsweise wirtschaftliche Belastungen durch von einem dieser Arten verursachten Schaden verringert oder auch Pr\u00e4ventionsma\u00dfnahmen finanziell unterst\u00fctzt werden.<\/p>\t\t\t\t\t\t<\/div>\n\t\t\t\t<\/div>\n\t\t\t\t<div class=\"elementor-element elementor-element-14139c7 elementor-widget elementor-widget-toggle\" data-id=\"14139c7\" data-element_type=\"widget\" data-widget_type=\"toggle.default\">\n\t\t\t\t<div class=\"elementor-widget-container\">\n\t\t\t\t\t<div class=\"elementor-toggle\">\n\t\t\t\t\t\t\t<div class=\"elementor-toggle-item\">\n\t\t\t\t\t<div id=\"elementor-tab-title-2101\" class=\"elementor-tab-title\" data-tab=\"1\" role=\"button\" aria-controls=\"elementor-tab-content-2101\" aria-expanded=\"false\">\n\t\t\t\t\t\t\t\t\t\t\t\t<span class=\"elementor-toggle-icon elementor-toggle-icon-left\" aria-hidden=\"true\">\n\t\t\t\t\t\t\t\t\t\t\t\t\t\t\t<span class=\"elementor-toggle-icon-closed\"><i class=\"fas fa-caret-right\"><\/i><\/span>\n\t\t\t\t\t\t\t\t<span class=\"elementor-toggle-icon-opened\"><i class=\"elementor-toggle-icon-opened fas fa-caret-up\"><\/i><\/span>\n\t\t\t\t\t\t\t\t\t\t\t\t\t<\/span>\n\t\t\t\t\t\t\t\t\t\t\t\t<a class=\"elementor-toggle-title\" tabindex=\"0\">Was wird unterst\u00fctzt?<\/a>\n\t\t\t\t\t<\/div>\n\n\t\t\t\t\t<div id=\"elementor-tab-content-2101\" class=\"elementor-tab-content elementor-clearfix\" data-tab=\"1\" role=\"region\" aria-labelledby=\"elementor-tab-title-2101\"><p>\u00dcber die <b>Wolf-Luchs-Richtlinie<\/b> wird die Anschaffung von wolfsicheren Schutzz\u00e4unen finanziell unterst\u00fctzt. Wir beraten Sie gern bei der Antragstellung.<\/p><p><strong>AnsprechpartnerInnen:<\/strong><\/p><p>Marie Scheller | Tel.: 0157 37293657 | E-Mail: <em><a href=\"mailto:scheller@nfga.de\">scheller[at]nfga.de<\/a><\/em><\/p><p><a href=\"https:\/\/umwelt.thueringen.de\/themen\/natur-artenschutz\/kompetenzzentrum\"><em>Mehr Informationen zum Management von Wolf und Luchs erhalten Sie bei dem Kompetenzzentrum.<\/em><\/a><\/p><p><a href=\"https:\/\/tlubn.thueringen.de\/naturschutz\/zoo-artenschutz\/wolf-luchs\/foerderantraege-praeventionsmassnahmen-schadensregulierung\/\" target=\"_blank\" rel=\"noopener\"><em>Weitere Informationen zu den Pr\u00e4ventionsma\u00dfnahmen und Wolf-Luchs-Richtlinie erhalten Sie hier.<\/em><\/a><\/p><\/div>\n\t\t\t\t<\/div>\n\t\t\t\t\t\t\t\t<\/div>\n\t\t\t\t<\/div>\n\t\t\t\t<\/div>\n\t\t\t\t\t<\/div>\n\t\t<\/div>\n\t\t\t\t<div class=\"elementor-column elementor-col-33 elementor-top-column elementor-element elementor-element-b40b075\" data-id=\"b40b075\" data-element_type=\"column\">\n\t\t\t<div class=\"elementor-widget-wrap\">\n\t\t\t\t\t\t\t<\/div>\n\t\t<\/div>\n\t\t\t\t\t<\/div>\n\t\t<\/section>\n\t\t\t\t<section class=\"elementor-section elementor-top-section elementor-element elementor-element-262512e elementor-section-height-min-height elementor-section-boxed elementor-section-height-default elementor-section-items-middle\" data-id=\"262512e\" data-element_type=\"section\" data-settings=\"{&quot;jet_parallax_layout_list&quot;:[],&quot;background_background&quot;:&quot;classic&quot;}\">\n\t\t\t\t\t\t<div class=\"elementor-container elementor-column-gap-default\">\n\t\t\t\t\t<div class=\"elementor-column elementor-col-100 elementor-top-column elementor-element elementor-element-7376990\" data-id=\"7376990\" data-element_type=\"column\">\n\t\t\t<div class=\"elementor-widget-wrap\">\n\t\t\t\t\t\t\t<\/div>\n\t\t<\/div>\n\t\t\t\t\t<\/div>\n\t\t<\/section>\n\t\t\t\t<\/div>\n\t\t","protected":false},"excerpt":{"rendered":"<p>Beratungsleistungen Wir beraten Landnutzer und andere Naturschutzakteure vor Ort hinsichtlich naturvertr\u00e4glicher Bewirtschaftung und F\u00f6rderm\u00f6glichkeiten.\u00a0 NALAP-Richtlinie (Programm zur F\u00f6rderung von Ma\u00dfnahmen des Naturschutzes und der Landschaftspflege in Th\u00fcringen) Wir unterst\u00fctzen und beraten Privatpersonen, Vereine, Verb\u00e4nde, \u00d6ffentliche, Einrichtungen, Kommunen und z. T. landwirtschaftliche Unternehmen im Rahmen der NALAP-Richtlinie zu folgenden Punkten: Dauerpflege Vertragsnaturschutz: langfristige Fl\u00e4chenpflege zur Entwicklung [&hellip;]<\/p>\n","protected":false},"author":1,"featured_media":0,"parent":0,"menu_order":0,"comment_status":"closed","ping_status":"closed","template":"elementor_header_footer","meta":{"_acf_changed":false,"footnotes":""},"class_list":["post-609","page","type-page","status-publish","hentry"],"acf":[],"_links":{"self":[{"href":"https:\/\/natura2000.nfga.de\/gik\/wp-json\/wp\/v2\/pages\/609","targetHints":{"allow":["GET"]}}],"collection":[{"href":"https:\/\/natura2000.nfga.de\/gik\/wp-json\/wp\/v2\/pages"}],"about":[{"href":"https:\/\/natura2000.nfga.de\/gik\/wp-json\/wp\/v2\/types\/page"}],"author":[{"embeddable":true,"href":"https:\/\/natura2000.nfga.de\/gik\/wp-json\/wp\/v2\/users\/1"}],"replies":[{"embeddable":true,"href":"https:\/\/natura2000.nfga.de\/gik\/wp-json\/wp\/v2\/comments?post=609"}],"version-history":[{"count":134,"href":"https:\/\/natura2000.nfga.de\/gik\/wp-json\/wp\/v2\/pages\/609\/revisions"}],"predecessor-version":[{"id":3174,"href":"https:\/\/natura2000.nfga.de\/gik\/wp-json\/wp\/v2\/pages\/609\/revisions\/3174"}],"wp:attachment":[{"href":"https:\/\/natura2000.nfga.de\/gik\/wp-json\/wp\/v2\/media?parent=609"}],"curies":[{"name":"wp","href":"https:\/\/api.w.org\/{rel}","templated":true}]}}